{"id":234,"date":"2016-01-13T14:30:05","date_gmt":"2016-01-13T13:30:05","guid":{"rendered":"http:\/\/www.haus-lavie.de\/?page_id=234"},"modified":"2022-01-31T11:53:04","modified_gmt":"2022-01-31T10:53:04","slug":"anika-klapsing-logopaedie","status":"publish","type":"page","link":"https:\/\/www.haus-lavie.de\/?page_id=234","title":{"rendered":"Anika Klapsing &#8211; Logop\u00e4die"},"content":{"rendered":"<div id='full_slider_1'  class='avia-fullwidth-slider main_color avia-shadow   avia-builder-el-0  el_before_av_one_third  avia-builder-el-first   container_wrap fullsize'  ><div  class='avia-slideshow av-2iin4y-6e9ed3ffdf4b9322dc06953f0be4e326 avia-slideshow-featured av_slideshow_full avia-slide-slider av-slideshow-ui av-control-default av-slideshow-manual av-loop-once av-loop-manual-endless av-default-height-applied   avia-slideshow-1' data-slideshow-options=\"{&quot;animation&quot;:&quot;slide&quot;,&quot;autoplay&quot;:false,&quot;loop_autoplay&quot;:&quot;once&quot;,&quot;interval&quot;:5,&quot;loop_manual&quot;:&quot;manual-endless&quot;,&quot;autoplay_stopper&quot;:false,&quot;noNavigation&quot;:false,&quot;bg_slider&quot;:false,&quot;keep_padding&quot;:false,&quot;hoverpause&quot;:false,&quot;show_slide_delay&quot;:0}\"  itemprop=\"image\" itemscope=\"itemscope\" itemtype=\"https:\/\/schema.org\/ImageObject\" ><ul class='avia-slideshow-inner ' style='padding-bottom: 28.666666666667%;'><li  class='avia-slideshow-slide av-2iin4y-6e9ed3ffdf4b9322dc06953f0be4e326__0  av-single-slide slide-1 slide-odd'><div data-rel='slideshow-1' class='avia-slide-wrap '   ><img fetchpriority=\"high\" class=\"wp-image-896 avia-img-lazy-loading-not-896\"  src='https:\/\/www.haus-lavie.de\/wp-content\/uploads\/2022\/01\/image0-1500x430.jpeg' width='1500' height='430' title='image0' alt=''  itemprop=\"thumbnailUrl\"   \/><\/div><\/li><\/ul><\/div><\/div><div id='after_full_slider_1'  class='main_color av_default_container_wrap container_wrap fullsize'  ><div class='container av-section-cont-open' ><div class='template-page content  av-content-full alpha units'><div class='post-entry post-entry-type-page post-entry-234'><div class='entry-content-wrapper clearfix'>\n\n<style type=\"text\/css\" data-created_by=\"avia_inline_auto\" id=\"style-css-av-26zgdm-e1bde1b195de8eb7b38272c40a840c67\">\n.flex_column.av-26zgdm-e1bde1b195de8eb7b38272c40a840c67{\nborder-radius:0px 0px 0px 0px;\npadding:0px 0px 0px 0px;\n}\n<\/style>\n<div  class='flex_column av-26zgdm-e1bde1b195de8eb7b38272c40a840c67 av_one_third  avia-builder-el-1  el_after_av_slideshow_full  el_before_av_two_third  avia-builder-el-first  first flex_column_div av-zero-column-padding  '     ><p>\n<style type=\"text\/css\" data-created_by=\"avia_inline_auto\" id=\"style-css-av-hhfwi-d28f850fdf2a12cc78fd231ac0447bd2\">\n#top .av-special-heading.av-hhfwi-d28f850fdf2a12cc78fd231ac0447bd2{\npadding-bottom:10px;\n}\nbody .av-special-heading.av-hhfwi-d28f850fdf2a12cc78fd231ac0447bd2 .av-special-heading-tag .heading-char{\nfont-size:25px;\n}\n.av-special-heading.av-hhfwi-d28f850fdf2a12cc78fd231ac0447bd2 .av-subheading{\nfont-size:15px;\n}\n<\/style>\n<div  class='av-special-heading av-hhfwi-d28f850fdf2a12cc78fd231ac0447bd2 av-special-heading-h3 blockquote modern-quote  avia-builder-el-2  el_before_av_textblock  avia-builder-el-first '><h3 class='av-special-heading-tag '  itemprop=\"headline\"  >Leistungen<\/h3><div class=\"special-heading-border\"><div class=\"special-heading-inner-border\"><\/div><\/div><\/div><br \/>\n<section  class='av_textblock_section av-1ydm22-f04ae032c0dd1329ec3156b9db0a8c87 '   itemscope=\"itemscope\" itemtype=\"https:\/\/schema.org\/CreativeWork\" ><div class='avia_textblock'  itemprop=\"text\" ><p>Logop\u00e4die bei Kindern<\/p>\n<ul>\n<li>Unterst\u00fctzung und Verbesserung der kindlichen Sprachentwicklung<\/li>\n<li>Minderung von Sprachentwicklungsauff\u00e4lligkeiten<\/li>\n<li>Sprachaktivierung bei versp\u00e4tetem Sprachbeginn (LATE-TALKER)<\/li>\n<li>Verbesserung der grammatikalischen F\u00e4higkeiten<\/li>\n<li>Steigerung des Sprachverst\u00e4ndnisses<\/li>\n<li>Behandlung von H\u00f6rst\u00f6rungen und auditiven Verarbeitungs-, und Wahrnehmungsst\u00f6rungen<\/li>\n<li>Gezielte Verbesserung kindlicher Stimm-, und Schluckst\u00f6rungen<\/li>\n<li>Muskelfunktions-, und Sensibilit\u00e4tstraining der Gesichtsmuskulatur (z.B. w\u00e4hrend kieferorthop\u00e4discher Behandlungen)<\/li>\n<li>Verbesserung von Stottersymptomen<\/li>\n<li>Aufkl\u00e4rung und Beratung der Erziehungsberechtigten, P\u00e4dagogen und Angeh\u00f6rigen<\/li>\n<\/ul>\n<p><strong>Logop\u00e4die bei Erwachsenen<\/strong><\/p>\n<ul>\n<li>Behandlung bei neurologisch bedingten Sprach-, und Sprechst\u00f6rungen\u00a0 (z.B. nach einem Schlaganfall, bei Morbus Parkinson oder Multipler Sklerose)<\/li>\n<li>Verminderung stimmlicher Auff\u00e4lligkeiten<\/li>\n<li>Steigerung der H\u00f6rleistungen durch gezieltes H\u00f6rtraining<\/li>\n<li>Verbesserung der Artikulation<\/li>\n<li>Gezielte Verbesserung von Schluckbeschwerden<\/li>\n<li>Muskelfunktions-, und Sensibilit\u00e4tstraining der Gesichtsmuskulatur (z.B. w\u00e4hrend kieferorthop\u00e4discher Behandlungen oder nach einem Schlaganfall)<\/li>\n<\/ul>\n<\/div><\/section><\/p><\/div>\n\n<style type=\"text\/css\" data-created_by=\"avia_inline_auto\" id=\"style-css-av-1t374a-c51b77f4c435c3cbeacefc580320d72d\">\n.flex_column.av-1t374a-c51b77f4c435c3cbeacefc580320d72d{\nborder-radius:0px 0px 0px 0px;\npadding:0px 0px 0px 0px;\n}\n<\/style>\n<div  class='flex_column av-1t374a-c51b77f4c435c3cbeacefc580320d72d av_two_third  avia-builder-el-4  el_after_av_one_third  el_before_av_one_half  flex_column_div av-zero-column-padding  '     ><style type=\"text\/css\" data-created_by=\"avia_inline_auto\" id=\"style-css-av-1mu26i-f151b3e5a347ee946466bd35dd1eb16a\">\n.avia-image-container.av-1mu26i-f151b3e5a347ee946466bd35dd1eb16a img.avia_image{\nbox-shadow:none;\n}\n.avia-image-container.av-1mu26i-f151b3e5a347ee946466bd35dd1eb16a .av-image-caption-overlay-center{\ncolor:#ffffff;\n}\n<\/style>\n<div  class='avia-image-container av-1mu26i-f151b3e5a347ee946466bd35dd1eb16a av-styling- avia-align-center  avia-builder-el-5  avia-builder-el-no-sibling '   itemprop=\"image\" itemscope=\"itemscope\" itemtype=\"https:\/\/schema.org\/ImageObject\" ><div class=\"avia-image-container-inner\"><div class=\"avia-image-overlay-wrap\"><img fetchpriority=\"high\" class='wp-image-895 avia-img-lazy-loading-not-895 avia_image ' src='https:\/\/www.haus-lavie.de\/wp-content\/uploads\/2022\/01\/image1-1.jpeg' alt='' title='image1'  height=\"1375\" width=\"2355\"  itemprop=\"thumbnailUrl\"  \/><\/div><\/div><\/div><\/div>\n<style type=\"text\/css\" data-created_by=\"avia_inline_auto\" id=\"style-css-av-18vq2q-f2b22a0a3df52f227377f12c5b01ce68\">\n.flex_column.av-18vq2q-f2b22a0a3df52f227377f12c5b01ce68{\nborder-radius:0px 0px 0px 0px;\npadding:0px 0px 0px 0px;\n}\n<\/style>\n<div  class='flex_column av-18vq2q-f2b22a0a3df52f227377f12c5b01ce68 av_one_half  avia-builder-el-6  el_after_av_two_third  avia-builder-el-last  first flex_column_div av-zero-column-padding  column-top-margin'     ><p>\n<style type=\"text\/css\" data-created_by=\"avia_inline_auto\" id=\"style-css-av-6kwqa-0826195809c00d1ad2bfce42e19debc2\">\n#top .av-special-heading.av-6kwqa-0826195809c00d1ad2bfce42e19debc2{\npadding-bottom:10px;\n}\nbody .av-special-heading.av-6kwqa-0826195809c00d1ad2bfce42e19debc2 .av-special-heading-tag .heading-char{\nfont-size:25px;\n}\n.av-special-heading.av-6kwqa-0826195809c00d1ad2bfce42e19debc2 .av-subheading{\nfont-size:15px;\n}\n<\/style>\n<div  class='av-special-heading av-6kwqa-0826195809c00d1ad2bfce42e19debc2 av-special-heading-h3 blockquote modern-quote  avia-builder-el-7  el_before_av_image  avia-builder-el-first '><h3 class='av-special-heading-tag '  itemprop=\"headline\"  >Praxis f\u00fcr Logop\u00e4die Anika Klapsing<\/h3><div class=\"special-heading-border\"><div class=\"special-heading-inner-border\"><\/div><\/div><\/div><br \/>\n\n<style type=\"text\/css\" data-created_by=\"avia_inline_auto\" id=\"style-css-av-x2vbm-295fb5dee39adf42c8c3056be91a9876\">\n.avia-image-container.av-x2vbm-295fb5dee39adf42c8c3056be91a9876 img.avia_image{\nbox-shadow:none;\n}\n.avia-image-container.av-x2vbm-295fb5dee39adf42c8c3056be91a9876 .av-image-caption-overlay-center{\ncolor:#ffffff;\n}\n<\/style>\n<div  class='avia-image-container av-x2vbm-295fb5dee39adf42c8c3056be91a9876 av-styling- av-img-linked avia-align-left  avia-builder-el-8  el_after_av_heading  el_before_av_textblock '   itemprop=\"image\" itemscope=\"itemscope\" itemtype=\"https:\/\/schema.org\/ImageObject\" ><div class=\"avia-image-container-inner\"><div class=\"avia-image-overlay-wrap\"><a href=\"http:\/\/www.ergo-logo-dorsten.de\" class='avia_image ' target=\"_blank\" rel=\"noopener noreferrer\" aria-label='Klapsing_Logop\u00e4die_Dorsten'><img fetchpriority=\"high\" class='wp-image-220 avia-img-lazy-loading-not-220 avia_image ' src='https:\/\/www.haus-lavie.de\/wp-content\/uploads\/2016\/01\/Klapsing_Logop\u00e4die_Dorsten-300x105.jpg' alt='Klapsing_Logop\u00e4die_Dorsten' title='Klapsing_Logop\u00e4die_Dorsten'  height=\"105\" width=\"300\"  itemprop=\"thumbnailUrl\"  \/><\/a><\/div><\/div><\/div><br \/>\n<section  class='av_textblock_section av-rnw16-1d29cb3a4261fb03e103c64ce3abb994 '   itemscope=\"itemscope\" itemtype=\"https:\/\/schema.org\/CreativeWork\" ><div class='avia_textblock'  itemprop=\"text\" ><p>Halterner Stra\u00dfe 17 b\u00a0\u2013 Haus A<br \/>\n46284 Dorsten<\/p>\n<p>Telefon: 0 23 62 \u2013\u00a067 76 &#8211; 4444<\/p>\n<p><a href=\"mailto:info@logo-dorsten.de\">info@logo-dorsten.de<\/a><br \/>\n<a href=\"http:\/\/www.logo-dorsten.de\/\">www.logo-dorsten.de<\/a><\/p>\n<\/div><\/section><\/p><\/div><\/p>\n","protected":false},"excerpt":{"rendered":"","protected":false},"author":3,"featured_media":0,"parent":51,"menu_order":0,"comment_status":"closed","ping_status":"closed","template":"","meta":{"footnotes":""},"class_list":["post-234","page","type-page","status-publish","hentry"],"aioseo_notices":[],"_links":{"self":[{"href":"https:\/\/www.haus-lavie.de\/index.php?rest_route=\/wp\/v2\/pages\/234","targetHints":{"allow":["GET"]}}],"collection":[{"href":"https:\/\/www.haus-lavie.de\/index.php?rest_route=\/wp\/v2\/pages"}],"about":[{"href":"https:\/\/www.haus-lavie.de\/index.php?rest_route=\/wp\/v2\/types\/page"}],"author":[{"embeddable":true,"href":"https:\/\/www.haus-lavie.de\/index.php?rest_route=\/wp\/v2\/users\/3"}],"replies":[{"embeddable":true,"href":"https:\/\/www.haus-lavie.de\/index.php?rest_route=%2Fwp%2Fv2%2Fcomments&post=234"}],"version-history":[{"count":3,"href":"https:\/\/www.haus-lavie.de\/index.php?rest_route=\/wp\/v2\/pages\/234\/revisions"}],"predecessor-version":[{"id":917,"href":"https:\/\/www.haus-lavie.de\/index.php?rest_route=\/wp\/v2\/pages\/234\/revisions\/917"}],"up":[{"embeddable":true,"href":"https:\/\/www.haus-lavie.de\/index.php?rest_route=\/wp\/v2\/pages\/51"}],"wp:attachment":[{"href":"https:\/\/www.haus-lavie.de\/index.php?rest_route=%2Fwp%2Fv2%2Fmedia&parent=234"}],"curies":[{"name":"wp","href":"https:\/\/api.w.org\/{rel}","templated":true}]}}