{"id":12,"date":"2016-01-05T12:07:54","date_gmt":"2016-01-05T11:07:54","guid":{"rendered":"http:\/\/www.haus-lavie.de\/?page_id=12"},"modified":"2021-02-05T09:50:43","modified_gmt":"2021-02-05T08:50:43","slug":"home","status":"publish","type":"page","link":"https:\/\/www.haus-lavie.de\/","title":{"rendered":"Home"},"content":{"rendered":"<div id='full_slider_1'  class='avia-fullwidth-slider main_color avia-shadow   avia-builder-el-0  el_before_av_one_full  avia-builder-el-first   container_wrap fullsize'  >\n<style type=\"text\/css\" data-created_by=\"avia_inline_auto\" id=\"style-css-av-4xuh8-56c869bf8cbf7a97623e91e53a634a17\">\n#top .avia-slideshow .av-slideshow-caption.av-4xuh8-56c869bf8cbf7a97623e91e53a634a17__0 .avia-caption-content{\nfont-size:18px;\n}\n#top .avia-slideshow .av-slideshow-caption.av-4xuh8-56c869bf8cbf7a97623e91e53a634a17__0 .avia-caption-content p{\nfont-size:18px;\n}\n#top .avia-slideshow .av-slideshow-caption.av-4xuh8-56c869bf8cbf7a97623e91e53a634a17__1 .avia-caption-content{\nfont-size:18px;\n}\n#top .avia-slideshow .av-slideshow-caption.av-4xuh8-56c869bf8cbf7a97623e91e53a634a17__1 .avia-caption-content p{\nfont-size:18px;\n}\n#top .avia-slideshow .av-slideshow-caption.av-4xuh8-56c869bf8cbf7a97623e91e53a634a17__2 .avia-caption-content{\nfont-size:18px;\n}\n#top .avia-slideshow .av-slideshow-caption.av-4xuh8-56c869bf8cbf7a97623e91e53a634a17__2 .avia-caption-content p{\nfont-size:18px;\n}\n#top .avia-slideshow .av-slideshow-caption.av-4xuh8-56c869bf8cbf7a97623e91e53a634a17__3 .avia-caption-content{\nfont-size:18px;\n}\n#top .avia-slideshow .av-slideshow-caption.av-4xuh8-56c869bf8cbf7a97623e91e53a634a17__3 .avia-caption-content p{\nfont-size:18px;\n}\n<\/style>\n<div  class='avia-slideshow av-4xuh8-56c869bf8cbf7a97623e91e53a634a17 avia-slideshow-featured_large av_slideshow_full avia-slide-slider av-slideshow-ui av-control-default av-slideshow-autoplay av-loop-endless av-loop-manual-endless av-default-height-applied   avia-slideshow-1' data-slideshow-options=\"{&quot;animation&quot;:&quot;slide&quot;,&quot;autoplay&quot;:true,&quot;loop_autoplay&quot;:&quot;endless&quot;,&quot;interval&quot;:7,&quot;loop_manual&quot;:&quot;manual-endless&quot;,&quot;autoplay_stopper&quot;:false,&quot;noNavigation&quot;:false,&quot;bg_slider&quot;:false,&quot;keep_padding&quot;:false,&quot;hoverpause&quot;:false,&quot;show_slide_delay&quot;:0}\"  itemprop=\"image\" itemscope=\"itemscope\" itemtype=\"https:\/\/schema.org\/ImageObject\" ><ul class='avia-slideshow-inner ' style='padding-bottom: 42%;'><li  class='avia-slideshow-slide av-4xuh8-56c869bf8cbf7a97623e91e53a634a17__0  slide-1 slide-odd'><div data-rel='slideshow-1' class='avia-slide-wrap '   ><div class='av-slideshow-caption av-4xuh8-56c869bf8cbf7a97623e91e53a634a17__0 caption_fullwidth caption_left caption_left_framed caption_framed'><div class=\"container caption_container\"><div class=\"slideshow_caption\"><div class=\"slideshow_inner_caption\"><div class=\"slideshow_align_caption\"><h2 class='avia-caption-title '  itemprop=\"name\" >La Vie 360\u00b0 Gesundheit<\/h2><div class='avia-caption-content '  itemprop=\"description\" ><p>Ihr Facharztzentrum in Dorsten.<br \/>\nAlle \u00c4rzte und Dienstleister f\u00fcr Ihre Gesundheit unter einem Dach!<\/p>\n<\/div><\/div><\/div><\/div><\/div><\/div><img fetchpriority=\"high\" class=\"wp-image-379 avia-img-lazy-loading-not-379\"  src='https:\/\/www.haus-lavie.de\/wp-content\/uploads\/2016\/01\/LaVie_Dorsten_IMG_6484_korr_1500.jpg' width='1500' height='630' title='LaVie_Dorsten_IMG_6484_korr_1500' alt=''  itemprop=\"thumbnailUrl\"   \/><\/div><\/li><li  class='avia-slideshow-slide av-4xuh8-56c869bf8cbf7a97623e91e53a634a17__1  slide-2 slide-even'><div data-rel='slideshow-1' class='avia-slide-wrap '   ><div class='av-slideshow-caption av-4xuh8-56c869bf8cbf7a97623e91e53a634a17__1 caption_fullwidth caption_right caption_right_framed caption_framed'><div class=\"container caption_container\"><div class=\"slideshow_caption\"><div class=\"slideshow_inner_caption\"><div class=\"slideshow_align_caption\"><h2 class='avia-caption-title '  itemprop=\"name\" >Rund um Gesund<\/h2><div class='avia-caption-content '  itemprop=\"description\" ><p>Hier bei uns im La Vie 360\u00b0 Gesundheit finden Sie eben unseren Fach\u00e4rzten auch noch unsere Dienstleister f\u00fcr Ihre Gesundheit:<\/p>\n<p>\u00b7 eine Apotheke<br \/>\n\u00b7 einen H\u00f6rger\u00e4teakustiker<br \/>\n\u00b7 ein Dentallabor<br \/>\n\u00b7 eine Ergotherapeutin<br \/>\n\u00b7 ein Gesundheitshaus<br \/>\n\u00b7 Krankengymnasten<br \/>\n\u00b7 eine Logop\u00e4din<br \/>\n\u00b7 einen Pflegedienst<br \/>\n\u00b7 ein Psychologe<br \/>\n\u00b7 eine it-Firma<\/p>\n<p>&#8230;und zum kr\u00f6nenden Abschluss ein Restaurant.<\/p>\n<\/div><\/div><\/div><\/div><\/div><\/div><img fetchpriority=\"high\" class=\"wp-image-309 avia-img-lazy-loading-not-309\"  src='https:\/\/www.haus-lavie.de\/wp-content\/uploads\/2016\/01\/La-vie_250958242-1280x630.jpg' width='1280' height='630' title='La vie_250958242' alt=''  itemprop=\"thumbnailUrl\"   \/><\/div><\/li><li  class='avia-slideshow-slide av-4xuh8-56c869bf8cbf7a97623e91e53a634a17__2  slide-3 slide-odd'><div data-rel='slideshow-1' class='avia-slide-wrap '   ><div class='av-slideshow-caption av-4xuh8-56c869bf8cbf7a97623e91e53a634a17__2 caption_fullwidth caption_left caption_left_framed caption_framed'><div class=\"container caption_container\"><div class=\"slideshow_caption\"><div class=\"slideshow_inner_caption\"><div class=\"slideshow_align_caption\"><h2 class='avia-caption-title '  itemprop=\"name\" >Gesundheit ist das wichtigste Gut des Menschen!<\/h2><div class='avia-caption-content '  itemprop=\"description\" ><p>Besuchen Sie f\u00fcr Ihre Gesundheit unsere Fach\u00e4rzte:<\/p>\n<p>\u00b7 Allgemeinmedizin<br \/>\n\u00b7 Augenheilkunde<br \/>\n\u00b7 Chirurgie<br \/>\n\u00b7 Frauenheilkunde<br \/>\n\u00b7 Hausarzt<br \/>\n\u00b7 Hals-, Nasen-, Ohrenheilkunde<br \/>\n\u00b7 Kardiologie<br \/>\n\u00b7 Kinder- und Jugendmedizin<br \/>\n\u00b7 Lungen- ud Bronchialheilkunde<br \/>\n\u00b7 Neurologie und Psychiatrie<\/p>\n<\/div><\/div><\/div><\/div><\/div><\/div><img fetchpriority=\"high\" class=\"wp-image-310 avia-img-lazy-loading-not-310\"  src='https:\/\/www.haus-lavie.de\/wp-content\/uploads\/2016\/01\/La-Vie_125106179-1280x630.jpg' width='1280' height='630' title='La Vie_125106179' alt=''  itemprop=\"thumbnailUrl\"   \/><\/div><\/li><li  class='avia-slideshow-slide av-4xuh8-56c869bf8cbf7a97623e91e53a634a17__3  slide-4 slide-even'><div data-rel='slideshow-1' class='avia-slide-wrap '   ><div class='av-slideshow-caption av-4xuh8-56c869bf8cbf7a97623e91e53a634a17__3 caption_fullwidth caption_right caption_right_framed caption_framed'><div class=\"container caption_container\"><div class=\"slideshow_caption\"><div class=\"slideshow_inner_caption\"><div class=\"slideshow_align_caption\"><h2 class='avia-caption-title '  itemprop=\"name\" >Bleiben Sie fit!<\/h2><div class='avia-caption-content '  itemprop=\"description\" ><p>Besuchen Sie f\u00fcr Ihre Gesundheit unsere Fach\u00e4rzte:<\/p>\n<p>\u00b7 Orthop\u00e4die<br \/>\n\u00b7 Unfallchirurgie<br \/>\n\u00b7 Krankengymnastik<\/p>\n<\/div><\/div><\/div><\/div><\/div><\/div><img fetchpriority=\"high\" class=\"wp-image-311 avia-img-lazy-loading-not-311\"  src='https:\/\/www.haus-lavie.de\/wp-content\/uploads\/2016\/01\/La-Vie_103383050-1280x630.jpg' width='1280' height='630' title='La Vie_103383050' alt=''  itemprop=\"thumbnailUrl\"   \/><\/div><\/li><li  class='avia-slideshow-slide av-4xuh8-56c869bf8cbf7a97623e91e53a634a17__4  slide-5 slide-odd'><div data-rel='slideshow-1' class='avia-slide-wrap '   ><div class='av-slideshow-caption av-4xuh8-56c869bf8cbf7a97623e91e53a634a17__4 caption_fullwidth caption_bottom'><div class=\"container caption_container\"><div class=\"slideshow_caption\"><div class=\"slideshow_inner_caption\"><div class=\"slideshow_align_caption\"><h2 class='avia-caption-title '  itemprop=\"name\" >F\u00fcr ein gesundes L\u00e4cheln!<\/h2><div class='avia-caption-content '  itemprop=\"description\" ><p>Besuchen Sie unsere Fach\u00e4rzte f\u00fcr:<\/p>\n<p>\u00b7 Kieferorthop\u00e4die<br \/>\n\u00b7 Mund- und Kieferchirurgie<br \/>\n\u00b7 Zahnmedizin<\/p>\n<p>&#8230;und unser Dentallabor!<\/p>\n<\/div><\/div><\/div><\/div><\/div><\/div><img fetchpriority=\"high\" class=\"wp-image-865 avia-img-lazy-loading-not-865\"  src='https:\/\/www.haus-lavie.de\/wp-content\/uploads\/2021\/02\/La-Vie-Dorsten-Zahnmedizin-1500x630.jpg' width='1500' height='630' title='Woman,Having,Teeth,Examined,At,Dentists' alt=''  itemprop=\"thumbnailUrl\"   \/><\/div><\/li><\/ul><div class='avia-slideshow-arrows avia-slideshow-controls' ><a href='#prev' class='prev-slide ' aria-hidden='true' data-av_icon='\ue87c' data-av_iconfont='entypo-fontello'  tabindex='-1'>Zur\u00fcck<\/a><a href='#next' class='next-slide ' aria-hidden='true' data-av_icon='\ue87d' data-av_iconfont='entypo-fontello'  tabindex='-1'>Weiter<\/a><\/div><div class='avia-slideshow-dots avia-slideshow-controls'><a href='#1' class='goto-slide active' >1<\/a><a href='#2' class='goto-slide ' >2<\/a><a href='#3' class='goto-slide ' >3<\/a><a href='#4' class='goto-slide ' >4<\/a><a href='#5' class='goto-slide ' >5<\/a><\/div><\/div><\/div><div id='after_full_slider_1'  class='main_color av_default_container_wrap container_wrap fullsize'  ><div class='container av-section-cont-open' ><div class='template-page content  av-content-full alpha units'><div class='post-entry post-entry-type-page post-entry-12'><div class='entry-content-wrapper clearfix'>\n\n<style type=\"text\/css\" data-created_by=\"avia_inline_auto\" id=\"style-css-av-21lbc-43035ec67cdf9464ef4dc6018b3baad0\">\n.flex_column.av-21lbc-43035ec67cdf9464ef4dc6018b3baad0{\nborder-radius:0px 0px 0px 0px;\npadding:0px 0px 0px 0px;\n}\n<\/style>\n<div  class='flex_column av-21lbc-43035ec67cdf9464ef4dc6018b3baad0 av_one_full  avia-builder-el-1  el_after_av_slideshow_full  avia-builder-el-no-sibling  first flex_column_div av-zero-column-padding  '     ><p>\n<style type=\"text\/css\" data-created_by=\"avia_inline_auto\" id=\"style-css-av-1b90g-f949e2776ea714c5ac4f7228462a287e\">\n#top .av-special-heading.av-1b90g-f949e2776ea714c5ac4f7228462a287e{\npadding-bottom:10px;\n}\nbody .av-special-heading.av-1b90g-f949e2776ea714c5ac4f7228462a287e .av-special-heading-tag .heading-char{\nfont-size:25px;\n}\n.av-special-heading.av-1b90g-f949e2776ea714c5ac4f7228462a287e .av-subheading{\nfont-size:15px;\n}\n<\/style>\n<div  class='av-special-heading av-1b90g-f949e2776ea714c5ac4f7228462a287e av-special-heading-h3 blockquote modern-quote  avia-builder-el-2  el_before_av_textblock  avia-builder-el-first '><h3 class='av-special-heading-tag '  itemprop=\"headline\"  >Rundum zufrieden.<\/h3><div class='av-subheading av-subheading_below'><p>360\u00b0 Kompetenz f\u00fcr Ihre Gesundheit: \u00c4rzte, Therapeuten, eine Apotheke und ein H\u00f6rger\u00e4tegesch\u00e4ft, ein Dentallabor &#8230;<\/p>\n<\/div><div class=\"special-heading-border\"><div class=\"special-heading-inner-border\"><\/div><\/div><\/div><br \/>\n<section  class='av_textblock_section av-156yg-4371e973327cf90e75d57948c0c35337 '   itemscope=\"itemscope\" itemtype=\"https:\/\/schema.org\/CreativeWork\" ><div class='avia_textblock'  itemprop=\"text\" ><p>Sparen Sie sich den H\u00fcrdenlauf beim Gang zum Arzt. Im &#8222;<strong>Facharzt<\/strong>.zentrum La Vie&#8220; finden Sie mehr als 20 Spezialisten T\u00fcr an T\u00fcr, die sich um Ihre Gesundheit k\u00fcmmern. Eine Apotheke, eine Fachfirma f\u00fcr Praxis- &amp; Sanit\u00e4tsbedarf, ein Zahntechniklabor und ein Fachgesch\u00e4ft f\u00fcr H\u00f6rger\u00e4te runden das Angebot ab.<\/p>\n<p>Fach\u00fcbergreifende Betreuung ist so einfach m\u00f6glich und wird zum Wohle unserer Patienten praktiziert. Die Leistungen erg\u00e4nzen sich, unn\u00f6tige Laufwege werden vermieden und die Wartezeiten reduziert.<\/p>\n<p>Wir laden Sie zu einem virtuellen Rundgang durch unser Haus ein. Sie k\u00f6nnen links durch die Fachrichtungen navigieren, sich von der intuitiven Benutzerf\u00fchrung oben leiten lassen oder Arztnamen beziehungsweise Fachrichtung in die Suche eingeben. Neben Informationen zu \u00d6ffnungszeiten, Kontaktm\u00f6glichkeiten\u00a0<acronym title=\"et cetera\" xml:lang=\"de\">etc.<\/acronym>\u00a0stellen alle Partner im &#8222;<strong>Facharzt<\/strong>.zentrum La Vie &#8211; 360\u00b0 Gesundheit&#8220; auch ihre Leistungen vor. Einen \u00dcberblick \u00fcber alle \u00c4rzte und Dienstleister k\u00f6nnen Sie sich als\u00a0<acronym title=\"Portable Document Format\" xml:lang=\"de\">PDF\u00a0<\/acronym>herunterladen und ausdrucken.<\/p>\n<p>Wir w\u00fcnschen Ihnen alles Gute und bleiben Sie gesund.<\/p>\n<\/div><\/section><\/p><\/div>\n","protected":false},"excerpt":{"rendered":"","protected":false},"author":3,"featured_media":0,"parent":0,"menu_order":0,"comment_status":"closed","ping_status":"closed","template":"","meta":{"footnotes":""},"class_list":["post-12","page","type-page","status-publish","hentry"],"aioseo_notices":[],"_links":{"self":[{"href":"https:\/\/www.haus-lavie.de\/index.php?rest_route=\/wp\/v2\/pages\/12","targetHints":{"allow":["GET"]}}],"collection":[{"href":"https:\/\/www.haus-lavie.de\/index.php?rest_route=\/wp\/v2\/pages"}],"about":[{"href":"https:\/\/www.haus-lavie.de\/index.php?rest_route=\/wp\/v2\/types\/page"}],"author":[{"embeddable":true,"href":"https:\/\/www.haus-lavie.de\/index.php?rest_route=\/wp\/v2\/users\/3"}],"replies":[{"embeddable":true,"href":"https:\/\/www.haus-lavie.de\/index.php?rest_route=%2Fwp%2Fv2%2Fcomments&post=12"}],"version-history":[{"count":13,"href":"https:\/\/www.haus-lavie.de\/index.php?rest_route=\/wp\/v2\/pages\/12\/revisions"}],"predecessor-version":[{"id":868,"href":"https:\/\/www.haus-lavie.de\/index.php?rest_route=\/wp\/v2\/pages\/12\/revisions\/868"}],"wp:attachment":[{"href":"https:\/\/www.haus-lavie.de\/index.php?rest_route=%2Fwp%2Fv2%2Fmedia&parent=12"}],"curies":[{"name":"wp","href":"https:\/\/api.w.org\/{rel}","templated":true}]}}